{"id":12456,"date":"2024-02-22T17:20:34","date_gmt":"2024-02-22T17:20:34","guid":{"rendered":"https:\/\/my-dev.ai\/create-your-online-store-with-mydev\/"},"modified":"2024-03-13T10:40:33","modified_gmt":"2024-03-13T10:40:33","slug":"create-your-online-store-with-mydev","status":"publish","type":"page","link":"https:\/\/my-dev.ai\/en\/create-your-online-store-with-mydev\/","title":{"rendered":"Create your online store with myDev"},"content":{"rendered":"\t\t<div data-elementor-type=\"wp-page\" data-elementor-id=\"12456\" class=\"elementor elementor-12456 elementor-11589\" data-elementor-post-type=\"page\">\n\t\t\t\t\t\t<section class=\"elementor-section elementor-top-section elementor-element elementor-element-2d907f9 elementor-section-boxed elementor-section-height-default elementor-section-height-default\" data-id=\"2d907f9\" data-element_type=\"section\" data-e-type=\"section\" data-settings=\"{&quot;background_background&quot;:&quot;classic&quot;}\">\n\t\t\t\t\t\t<div class=\"elementor-container elementor-column-gap-default\">\n\t\t\t\t\t<div class=\"elementor-column elementor-col-100 elementor-top-column elementor-element elementor-element-dcb819c\" data-id=\"dcb819c\" data-element_type=\"column\" data-e-type=\"column\">\n\t\t\t<div class=\"elementor-widget-wrap elementor-element-populated\">\n\t\t\t\t\t\t<div class=\"elementor-element elementor-element-fc88e01 elementor-widget elementor-widget-pix-heading\" data-id=\"fc88e01\" data-element_type=\"widget\" data-e-type=\"widget\" data-widget_type=\"pix-heading.default\">\n\t\t\t\t<div class=\"elementor-widget-container\">\n\t\t\t\t\t<div  class=\"pix-heading-el text-center \"><h3 class=\"text-primary font-weight-bold h3 heading-text el-title_custom_color mb-12\" style=\"\" data-anim-type=\"\" data-anim-delay=\"\">Get your business off the ground!<\/h3><\/div>\t\t\t\t<\/div>\n\t\t\t\t<\/div>\n\t\t\t\t<div class=\"elementor-element elementor-element-6105c68 text-orph elementor-widget elementor-widget-pix-text\" data-id=\"6105c68\" data-element_type=\"widget\" data-e-type=\"widget\" data-widget_type=\"pix-text.default\">\n\t\t\t\t<div class=\"elementor-widget-container\">\n\t\t\t\t\t<div class=\"pix-el-text w-100 text-left \" ><p class=\"resp-option text-left \">Vous r\u00eavez de lancer votre entreprise en ligne et d'avoir votre propre boutique e-commerce ? Notre solution compl\u00e8te et Tout-En-Un est faite pour vous ! En combinant un site web, une application mobile sur l'App Store et le Google Play, ainsi qu'une interface de gestion simplifi\u00e9e, nous facilitons la cr\u00e9ation et la gestion de votre boutique en ligne. D\u00e9couvrez tous les avantages de cette offre ci-dessous.\n<h2>Un site internet professionnel pour votre e-commerce<\/h2>\nTout d'abord, notre service propose la cr\u00e9ation de votre site internet, d\u00e9di\u00e9 \u00e0 votre activit\u00e9 e-commerce. Qu'il s'agisse de vendre des produits ou des services, notre \u00e9quipe d'experts saura concevoir un site adapt\u00e9 \u00e0 vos besoins, en respectant les normes SEO on-page et off-page du march\u00e9. B\u00e9n\u00e9ficiez d'une plateforme personnalis\u00e9e et optimis\u00e9e pour attirer et fid\u00e9liser vos clients potentiels.\n<h3>Design attractif et ergonomique<\/h3>\nUn design attractif et ergonomique est essentiel pour s\u00e9duire et retenir l'attention de vos visiteurs. Chez nous, chaque site est cr\u00e9\u00e9 sur mesure, selon vos pr\u00e9f\u00e9rences esth\u00e9tiques et fonctionnelles. Gr\u00e2ce \u00e0 nos designers exp\u00e9riment\u00e9s, b\u00e9n\u00e9ficiez d'un site au look moderne et \u00e9l\u00e9gant, facilement navigable pour vos clients.\n<h3>Outils de gestion int\u00e9gr\u00e9s<\/h3>\nNotre solution inclut \u00e9galement des outils de gestion qui faciliteront votre travail au quotidien. Par exemple, il vous sera simple d'ajouter ou de supprimer des produits et services sur votre site e-commerce. De plus, vous disposerez d'un tableau de bord complet pour visualiser les statistiques essentielles telles que le nombre de visiteurs, les ventes r\u00e9alis\u00e9es et bien plus encore.\n<h2>Une application mobile d\u00e9di\u00e9e sur l'App Store et le Google Play<\/h2>\nDans un monde o\u00f9 la majorit\u00e9 des utilisateurs naviguent sur internet depuis leur t\u00e9l\u00e9phone portable, il est crucial de poss\u00e9der une application mobile pour votre boutique en ligne. Notre service inclut donc la cr\u00e9ation d'une application d\u00e9di\u00e9e \u00e0 votre entreprise, disponible aussi bien sur l'App Store que sur le Google Play.\n<h3>Compatibilit\u00e9 avec les smartphones et tablettes Android et iOS<\/h3>\nAvec notre solution compl\u00e8te, votre application sera optimis\u00e9e \u00e0 la fois pour les appareils (smartphone et tablette) fonctionnant sous Android et iOS, assurant ainsi une exp\u00e9rience utilisateur fluide et intuitive qui encouragera vos clients \u00e0 acheter chez vous.\n<h3>Paiement s\u00e9curis\u00e9 et options de livraison personnalis\u00e9es<\/h3>\nTout comme pour votre site web, vous pouvez \u00e9galement compter sur nous pour mettre en place un syst\u00e8me de paiement s\u00e9curis\u00e9 et des options de livraison adapt\u00e9es. Vos clients pourront ainsi effectuer leurs achats en toute confiance et se voir proposer plusieurs alternatives d\u2019exp\u00e9dition et de r\u00e9ception de leurs commandes.\n<h2>Une interface de gestion simplifi\u00e9e pour piloter votre boutique<\/h2>\nEnfin, notre offre compl\u00e8te vous fournit une interface de gestion simplifi\u00e9e, qui centralise toutes les informations et fonctionnalit\u00e9s dont vous aurez besoin pour piloter l\u2019ensemble de votre boutique en ligne.. Ce v\u00e9ritable \"tableau de bord\" deviendra vite un outil incontournable lorsqu\u2019il s\u2019agit de g\u00e9rer votre entreprise.\n<h3>Contr\u00f4le des stocks et suivi des ventes<\/h3>\nL'un des principaux avantages de notre interface de gestion est la possibilit\u00e9 de contr\u00f4ler en temps r\u00e9el vos stocks et suivre l'\u00e9volution de vos ventes. Ce module couvre l'ensemble des \u00e9l\u00e9ments cl\u00e9s pour optimiser la logistique au sein de votre boutique en ligne : \u00e9tat du stock, commandes en cours, exp\u00e9ditions\u2026Avec notre service tout-en-un, g\u00e9rez facilement l'inventaire et le flux de vos produits et\/ou services.\n<h3>Envoi de notifications push<\/h3>\nNotre interface vous permet \u00e9galement d\u2019envoyer des notifications push illimit\u00e9es \u00e0 vos clients. Vous pouvez ainsi g\u00e9n\u00e9rer votre propre base de donn\u00e9es clients et les contacter gr\u00e2ce aux notifications push li\u00e9es \u00e0 votre application mobile. Vous pourrez ainsi fid\u00e9liser vos clients en maintenant un contact r\u00e9gulier pour renforcer leur engagement aupr\u00e8s de votre marque et les inciter \u00e0 commander de nouveau.\n\nmyDev offre donc pour seulement 349 \u20ac \/ mois\n<ul>\n \t<li>Le d\u00e9veloppement de site web e-commerce ou de vente de service<\/li>\n \t<li>La cr\u00e9ation d'une application mobile sur l'App Store et le Google Play<\/li>\n \t<li>L\u2019envoi de notifications push \u00e0 votre base de donn\u00e9es clients<\/li>\n \t<li>Un interface de gestion simplifi\u00e9e pour piloter votre boutique en ligne<\/li>\n \t<li>Des outils de paiement s\u00e9curis\u00e9 et options de livraison personnalisables<\/li>\n \t<li>Le suivi des statistiques et performances de votre entreprise<\/li>\n \t<li>Un design moderne et attractif pour s\u00e9duire vos clients potentiels<\/li>\n<\/ul>\nEn somme, notre solution compl\u00e8te tout-en-un repr\u00e9sente un choix judicieux pour celles et ceux qui souhaitent se lancer dans l'e-commerce. Du site web \u00e0 l'application mobile, en passant par une interface de gestion ergonomique, nous cr\u00e9ons et mettons \u00e0 votre disposition tous les outils n\u00e9cessaires pour r\u00e9ussir sur le march\u00e9 du commerce en ligne.\n\nLorem ipsum dolor sit amet, consectetur adipiscing elit. Ut elit tellus, luctus nec ullamcorper mattis, pulvinar dapibus leo.<\/p><\/div>\t\t\t\t<\/div>\n\t\t\t\t<\/div>\n\t\t\t\t\t<\/div>\n\t\t<\/div>\n\t\t\t\t\t<\/div>\n\t\t<\/section>\n\t\t\t\t<\/div>\n\t\t","protected":false},"excerpt":{"rendered":"<p>Get your business off the ground! Vous r\u00eavez de lancer votre entreprise en ligne et d&#8217;avoir votre propre boutique e-commerce ? Notre solution compl\u00e8te et Tout-En-Un est faite pour vous ! En combinant un site web, une application mobile sur&#8230;<\/p>\n","protected":false},"author":2,"featured_media":0,"parent":0,"menu_order":11,"comment_status":"closed","ping_status":"closed","template":"","meta":{"footnotes":""},"class_list":["post-12456","page","type-page","status-publish","hentry"],"_links":{"self":[{"href":"https:\/\/my-dev.ai\/en\/wp-json\/wp\/v2\/pages\/12456","targetHints":{"allow":["GET"]}}],"collection":[{"href":"https:\/\/my-dev.ai\/en\/wp-json\/wp\/v2\/pages"}],"about":[{"href":"https:\/\/my-dev.ai\/en\/wp-json\/wp\/v2\/types\/page"}],"author":[{"embeddable":true,"href":"https:\/\/my-dev.ai\/en\/wp-json\/wp\/v2\/users\/2"}],"replies":[{"embeddable":true,"href":"https:\/\/my-dev.ai\/en\/wp-json\/wp\/v2\/comments?post=12456"}],"version-history":[{"count":8,"href":"https:\/\/my-dev.ai\/en\/wp-json\/wp\/v2\/pages\/12456\/revisions"}],"predecessor-version":[{"id":13146,"href":"https:\/\/my-dev.ai\/en\/wp-json\/wp\/v2\/pages\/12456\/revisions\/13146"}],"wp:attachment":[{"href":"https:\/\/my-dev.ai\/en\/wp-json\/wp\/v2\/media?parent=12456"}],"curies":[{"name":"wp","href":"https:\/\/api.w.org\/{rel}","templated":true}]}}