{"id":12463,"date":"2024-02-22T17:03:07","date_gmt":"2024-02-22T17:03:07","guid":{"rendered":"https:\/\/my-dev.ai\/b2b-e-commerce-solution\/"},"modified":"2024-03-13T10:40:28","modified_gmt":"2024-03-13T10:40:28","slug":"b2b-e-commerce-solution","status":"publish","type":"page","link":"https:\/\/my-dev.ai\/en\/b2b-e-commerce-solution\/","title":{"rendered":"B2B E-commerce solution"},"content":{"rendered":"\t\t<div data-elementor-type=\"wp-page\" data-elementor-id=\"12463\" class=\"elementor elementor-12463 elementor-11569\" data-elementor-post-type=\"page\">\n\t\t\t\t\t\t<section class=\"elementor-section elementor-top-section elementor-element elementor-element-88374ef elementor-section-boxed elementor-section-height-default elementor-section-height-default\" data-id=\"88374ef\" data-element_type=\"section\" data-e-type=\"section\" data-settings=\"{&quot;background_background&quot;:&quot;classic&quot;}\">\n\t\t\t\t\t\t<div class=\"elementor-container elementor-column-gap-default\">\n\t\t\t\t\t<div class=\"elementor-column elementor-col-100 elementor-top-column elementor-element elementor-element-e145a97\" data-id=\"e145a97\" data-element_type=\"column\" data-e-type=\"column\">\n\t\t\t<div class=\"elementor-widget-wrap elementor-element-populated\">\n\t\t\t\t\t\t<div class=\"elementor-element elementor-element-b4486dc elementor-widget elementor-widget-pix-heading\" data-id=\"b4486dc\" data-element_type=\"widget\" data-e-type=\"widget\" data-widget_type=\"pix-heading.default\">\n\t\t\t\t<div class=\"elementor-widget-container\">\n\t\t\t\t\t<div  class=\"pix-heading-el text-center \"><h3 class=\"text-primary font-weight-bold h3 heading-text el-title_custom_color mb-12\" style=\"\" data-anim-type=\"\" data-anim-delay=\"\">Website and app designed for professionals!<\/h3><\/div>\t\t\t\t<\/div>\n\t\t\t\t<\/div>\n\t\t\t\t<div class=\"elementor-element elementor-element-644768b text-orph elementor-widget elementor-widget-pix-text\" data-id=\"644768b\" data-element_type=\"widget\" data-e-type=\"widget\" data-widget_type=\"pix-text.default\">\n\t\t\t\t<div class=\"elementor-widget-container\">\n\t\t\t\t\t<div class=\"pix-el-text w-100 text-left \" ><p class=\"resp-option text-left \"><p>Le commerce \u00e9lectronique a r\u00e9volutionn\u00e9 les modes de consommation et d'approvisionnement, o\u00f9 les entreprises<br \/>cherchent constamment \u00e0 se d\u00e9marquer par leurs strat\u00e9gies marketing et technologiques. Dans ce contexte, une<br \/>solution e-commerce B2B efficace et performante est indispensable pour booster votre activit\u00e9 et atteindre un march\u00e9<br \/>plus large.<\/p><p>A travers cet article, d\u00e9couvrez les points cl\u00e9s de notre solution e-commerce, qui vous permettra de saisir les<br \/>opportunit\u00e9s offertes par le B2B en ligne et d'acc\u00e9l\u00e9rer la croissance de votre entreprise gr\u00e2ce \u00e0 un site web, une<br \/>application mobile et une interface de gestion optimis\u00e9e.<\/p><h2>D\u00e9veloppez votre pr\u00e9sence en ligne avec un site e-commerce sur mesure<\/h2><p>Nos experts d\u00e9veloppent pour vous un site e-commerce parfaitement adapt\u00e9 \u00e0 vos besoins, du design au parcours<br \/>utilisateur. Voici les principales fonctionnalit\u00e9s de votre futur site :<\/p><ul><li>Personnalisation du design : notre \u00e9quipe r\u00e9alise pour vous un<br \/>design attractif, fid\u00e8le \u00e0 vos valeurs et en accord avec vos pr\u00e9f\u00e9rences.<\/li><li>Gestion des stocks automatis\u00e9e : lorsque la quantit\u00e9 d\u2019un article<br \/>est \u00e9coul\u00e9e, ce dernier est automatiquement d\u00e9sactiv\u00e9.<\/li><li>Gestion des commandes en temps r\u00e9el : vous \u00eates notifi\u00e9 d\u00e8s qu\u2019une<br \/>commande est valid\u00e9e.<\/li><li>Catalogue produits et promotions : importez rapidement tous vos<br \/>produits sur votre boutique en ligne gr\u00e2ce \u00e0 un fichier unique et proposez des remises \u00e0 vos clients gr\u00e2ce \u00e0 la<br \/>page Promotions.<\/li><\/ul><h3>Navigabilit\u00e9 intuitive et ergonomie optimis\u00e9e<\/h3><p>Le parcours utilisateur est con\u00e7u de mani\u00e8re \u00e0 faciliter la prise en main et le passage \u00e0 l'acte d'achat. De plus,<br \/>notre solution s'adapte automatiquement aux diff\u00e9rentes tailles d\u2019\u00e9crans (ordinateurs, tablettes, smartphones) pour<br \/>vous assurer un rendu optimal sur tous les supports.<\/p><h2>Application mobile sur l\u2019App Store et le Google Play : soyez pr\u00e9sent o\u00f9 que soient vos clients<\/h2><p>Aujourd'hui, l'utilisation des applications mobiles est en pleine expansion. En compl\u00e9ment de votre site e-commerce,<br \/>notre \u00e9quipe d\u00e9veloppe pour vous votre propre application mobile, qui permettra \u00e0 vos clients professionnels de<br \/>passer commande et g\u00e9rer leurs comptes depuis leur smartphone ou tablette.<\/p><p>Cette application dispose de fonctionnalit\u00e9s avanc\u00e9es pour am\u00e9liorer l'exp\u00e9rience client et favoriser la fid\u00e9lisation<br \/>de votre audience B2B :<\/p><ul><li>Interface intuitive : profitez d'un design coh\u00e9rent avec votre image<br \/>de marque et parfaitement adapt\u00e9 aux sp\u00e9cificit\u00e9s des interfaces mobiles.<\/li><li>Fonctionnalit\u00e9s exclusives : offrez des services sp\u00e9cifiques tels<br \/>que les notifications push ou encore le paiement rapide via l'application.<\/li><li>Synchronisation avec votre site web : assurez la coh\u00e9rence et<br \/>l'actualisation des informations (produits, tarifs, promotions) sur les deux plateformes.<\/li><\/ul><h2>Interface de gestion : pilotez sereinement votre activit\u00e9 en ligne<\/h2><p>Pour vous accompagner dans la prise en main et le suivi quotidien de votre activit\u00e9 e-commerce, notre solution est<br \/>dot\u00e9e d'une interface de gestion claire et intuitive. Celle-ci vous permettra de :<\/p><ol><li>G\u00e9rer vos produits et vos cat\u00e9gories : cr\u00e9er ou modifier des<br \/>fiches-produit, ajouter des options et attributs, organiser vos catalogues,<\/li><li>Suivre et traiter vos commandes : consultez leur statut en temps<br \/>r\u00e9el, g\u00e9rez les livraisons, pr\u00e9parez les factures,<\/li><li>Analyser vos performances : acc\u00e9dez \u00e0 des indicateurs de performance<br \/>cl\u00e9s, adaptez votre strat\u00e9gie en fonction des analyses fournies,<\/li><li>Fid\u00e9liser vos clients : envoyer directement et de mani\u00e8re illimit\u00e9e<br \/>des notifications push \u00e0 votre base de donn\u00e9es clients, g\u00e9n\u00e9rer des codes promo ou lancer des campagnes<br \/>promotionnelles.<\/li><\/ol><h3>Gestion avanc\u00e9e des relations commerciales<\/h3><p>Notre solution e-commerce B2B met \u00e9galement \u00e0 votre disposition des fonctionnalit\u00e9s pour faciliter les achats de vos<br \/>partenaires professionnels, tels que :<\/p><ul><li>Plusieurs options pour r\u00e9cup\u00e9rer sa commande : livraison ou click<br \/>and collect (r\u00e9servation de cr\u00e9neau possible).<\/li><li>Enregistrer ses produits pr\u00e9f\u00e9r\u00e9s en favoris pour les retrouver<br \/>facilement.<\/li><li>Acc\u00e9der \u00e0 l\u2019historique de ses commandes et effectuer de nouveau<br \/>celle de son choix en un seul clic.<\/li><li>Enregistrer ses moyens de paiement en toute s\u00e9curit\u00e9 pour gagner du<br \/>temps lors des prochaines commandes.<\/li><\/ul><p>Avec notre solution e-commerce d\u00e9di\u00e9e aux entreprises, donnez un v\u00e9ritable coup d'acc\u00e9l\u00e9rateur \u00e0 votre activit\u00e9 B2B.<br \/>Profitez d'une pr\u00e9sence en ligne renforc\u00e9e gr\u00e2ce \u00e0 un site web performant, \u00e0 une application mobile sur l\u2019App Store<br \/>et le Google Play ainsi qu\u2019une interface de gestion intuitive pour piloter avec succ\u00e8s vos ventes en ligne et<br \/>fid\u00e9liser votre client\u00e8le professionnelle.<\/p><\/p><\/div>\t\t\t\t<\/div>\n\t\t\t\t<\/div>\n\t\t\t\t\t<\/div>\n\t\t<\/div>\n\t\t\t\t\t<\/div>\n\t\t<\/section>\n\t\t\t\t<\/div>\n\t\t","protected":false},"excerpt":{"rendered":"<p>Website and app designed for professionals! Le commerce \u00e9lectronique a r\u00e9volutionn\u00e9 les modes de consommation et d&#8217;approvisionnement, o\u00f9 les entreprisescherchent constamment \u00e0 se d\u00e9marquer par leurs strat\u00e9gies marketing et technologiques. Dans ce contexte, unesolution e-commerce B2B efficace et performante est&#8230;<\/p>\n","protected":false},"author":2,"featured_media":0,"parent":0,"menu_order":6,"comment_status":"closed","ping_status":"closed","template":"","meta":{"footnotes":""},"class_list":["post-12463","page","type-page","status-publish","hentry"],"_links":{"self":[{"href":"https:\/\/my-dev.ai\/en\/wp-json\/wp\/v2\/pages\/12463","targetHints":{"allow":["GET"]}}],"collection":[{"href":"https:\/\/my-dev.ai\/en\/wp-json\/wp\/v2\/pages"}],"about":[{"href":"https:\/\/my-dev.ai\/en\/wp-json\/wp\/v2\/types\/page"}],"author":[{"embeddable":true,"href":"https:\/\/my-dev.ai\/en\/wp-json\/wp\/v2\/users\/2"}],"replies":[{"embeddable":true,"href":"https:\/\/my-dev.ai\/en\/wp-json\/wp\/v2\/comments?post=12463"}],"version-history":[{"count":5,"href":"https:\/\/my-dev.ai\/en\/wp-json\/wp\/v2\/pages\/12463\/revisions"}],"predecessor-version":[{"id":13143,"href":"https:\/\/my-dev.ai\/en\/wp-json\/wp\/v2\/pages\/12463\/revisions\/13143"}],"wp:attachment":[{"href":"https:\/\/my-dev.ai\/en\/wp-json\/wp\/v2\/media?parent=12463"}],"curies":[{"name":"wp","href":"https:\/\/api.w.org\/{rel}","templated":true}]}}