{"id":12472,"date":"2024-02-22T17:25:35","date_gmt":"2024-02-22T17:25:35","guid":{"rendered":"https:\/\/my-dev.ai\/professional-e-commerce-agency\/"},"modified":"2024-03-13T10:40:11","modified_gmt":"2024-03-13T10:40:11","slug":"professional-e-commerce-agency","status":"publish","type":"page","link":"https:\/\/my-dev.ai\/en\/professional-e-commerce-agency\/","title":{"rendered":"Professional E-Commerce Agency"},"content":{"rendered":"\t\t<div data-elementor-type=\"wp-page\" data-elementor-id=\"12472\" class=\"elementor elementor-12472 elementor-11599\" data-elementor-post-type=\"page\">\n\t\t\t\t\t\t<section class=\"elementor-section elementor-top-section elementor-element elementor-element-ea56eb9 elementor-section-boxed elementor-section-height-default elementor-section-height-default\" data-id=\"ea56eb9\" data-element_type=\"section\" data-e-type=\"section\" data-settings=\"{&quot;background_background&quot;:&quot;classic&quot;}\">\n\t\t\t\t\t\t<div class=\"elementor-container elementor-column-gap-default\">\n\t\t\t\t\t<div class=\"elementor-column elementor-col-100 elementor-top-column elementor-element elementor-element-48b5a58\" data-id=\"48b5a58\" data-element_type=\"column\" data-e-type=\"column\">\n\t\t\t<div class=\"elementor-widget-wrap elementor-element-populated\">\n\t\t\t\t\t\t<div class=\"elementor-element elementor-element-7d8f75b elementor-widget elementor-widget-pix-heading\" data-id=\"7d8f75b\" data-element_type=\"widget\" data-e-type=\"widget\" data-widget_type=\"pix-heading.default\">\n\t\t\t\t<div class=\"elementor-widget-container\">\n\t\t\t\t\t<div  class=\"pix-heading-el text-center \"><h3 class=\"text-primary font-weight-bold h3 heading-text el-title_custom_color mb-12\" style=\"\" data-anim-type=\"\" data-anim-delay=\"\">Website + Mobile App<\/h3><\/div>\t\t\t\t<\/div>\n\t\t\t\t<\/div>\n\t\t\t\t<div class=\"elementor-element elementor-element-59b346d text-orph elementor-widget elementor-widget-pix-text\" data-id=\"59b346d\" data-element_type=\"widget\" data-e-type=\"widget\" data-widget_type=\"pix-text.default\">\n\t\t\t\t<div class=\"elementor-widget-container\">\n\t\t\t\t\t<div class=\"pix-el-text w-100 text-left \" ><p class=\"resp-option text-left \">Dans le monde digital d'aujourd'hui, \u00e9tablir une pr\u00e9sence en ligne solide et efficace est crucial pour les entreprises. Avoir un site Web performant et une application mobile attrayante sont des \u00e9l\u00e9ments essentiels pour attirer et fid\u00e9liser vos clients. La cr\u00e9ation d'un tel projet peut s'av\u00e9rer difficile, c'est pourquoi faire appel \u00e0 une agence e-commerce sp\u00e9cialis\u00e9e est souvent la meilleure solution. Chez myDev, nous sommes l\u00e0 pour vous accompagner dans ce processus et vous aider \u00e0 cr\u00e9er un projet e-commerce \u00e0 la hauteur de vos ambitions.\n<h2>Pourquoi choisir notre agence e-commerce ?<\/h2>\nLe choix d'une bonne agence e-commerce est crucial pour garantir la r\u00e9ussite de votre projet. En choisissant myDev, vous b\u00e9n\u00e9ficiez d'une s\u00e9rie d'avantages qui font de nous l'\u00e9quipe id\u00e9ale pour vous accompagner.\n<ol>\n \t<li><b>Une expertise reconnue<\/b> : nous disposons d'un large \u00e9ventail de comp\u00e9tences alliant conception et d\u00e9veloppement de sites Web, UX\/UI design, cr\u00e9ation d'applications mobiles et optimisation de l'interface de gestion.<\/li>\n \t<li><b>Des projets sur mesure<\/b> : nos \u00e9quipes mettent tout en \u0153uvre pour concevoir des solutions adapt\u00e9es \u00e0 vos besoins et vos objectifs, afin que votre projet e-commerce soit une v\u00e9ritable r\u00e9ussite.<\/li>\n \t<li><b>Des technologies \u00e9prouv\u00e9es<\/b> : nous utilisons les meilleures technologies et plateformes du moment pour assurer la performance, la s\u00e9curit\u00e9 et l'\u00e9volutivit\u00e9 de votre projet.<\/li>\n \t<li><b>Un accompagnement personnalis\u00e9<\/b> : nous vous offrons un v\u00e9ritable partenariat, en mettant \u00e0 votre disposition une \u00e9quipe d\u00e9di\u00e9e qui travaillera en \u00e9troite collaboration avec vous tout au long du projet. Cette approche vous garantit des r\u00e9sultats concrets, rapides et p\u00e9rennes.<\/li>\n \t<li><b>La maintenance incluse<\/b> : notre \u00e9quipe se tient disponible pour assurer la maintenance de votre site web et de votre application mobile sans surco\u00fbt ! Nous r\u00e9pondons \u00e9galement \u00e0 vos questions pour \u00eatre toujours \u00e0 vos c\u00f4t\u00e9s et assurer la r\u00e9ussite de votre boutique en ligne.<\/li>\n \t<li><b>Des co\u00fbts ma\u00eetris\u00e9s <\/b>: nous proposons un forfait unique de 349 \u20ac\/mois incluant votre site web, votre application mobile sur l\u2019App Store et le Google Play, votre interface de gestion simplifi\u00e9e.<\/li>\n<\/ol>\n<h2>Solution e-commerce propos\u00e9es par myDev<\/h2>\nPour accompagner chaque entreprise dans la mise en place de sa boutique en ligne, notre agence e-commerce propose une solution personnalis\u00e9e incluant un site web, une application mobile sur l\u2019App Store et sur le Google play ainsi qu\u2019une interface de gestion simplifi\u00e9e. Notre objectif est de permettre \u00e0 nos clients de se d\u00e9marquer de leurs concurrents en alliant performance et qualit\u00e9 pour un projet r\u00e9ussi.\n<h3>Cr\u00e9ation de site web e-commerce<\/h3>\nNous proposons des solutions cl\u00e9s en main de cr\u00e9ation et de refonte de sites e-commerce pour les entreprises souhaitant optimiser leurs performances en ligne. Notre expertise nous permet de concevoir des solutions innovantes, adapt\u00e9es et performantes pour votre commerce digital.\n\n<span style=\"text-decoration: underline;\">Conception sur mesure<\/span> : nos experts travaillent avec vous pour d\u00e9finir vos objectifs et cr\u00e9er un site web correspondant parfaitement \u00e0 vos attentes en termes de design, d'ergonomie, de fonctionnalit\u00e9s et de conversion.\n\n<span style=\"text-decoration: underline;\">D\u00e9veloppement personnalis\u00e9<\/span> : nous d\u00e9veloppons votre site web en utilisant les derni\u00e8res technologies et plateformes pour assurer une performance optimale et une \u00e9volutivit\u00e9 ais\u00e9e.\n\n<span style=\"text-decoration: underline;\">Int\u00e9gration de syst\u00e8me de gestion<\/span> : pour faciliter la gestion de votre boutique en ligne, nous int\u00e9grons des syst\u00e8mes de gestion de contenu (CMS) et de commande efficaces et ergonomiques.\n<h3>Conception d'applications mobiles e-commerce<\/h3>\nAvec l'explosion des usages mobiles, il est aujourd'hui indispensable pour les entreprises de se doter d'une application mobile e-commerce performante. Chez myDev, nous mettons notre savoir-faire \u00e0 votre service :\n\n<span style=\"text-decoration: underline;\">Design et ergonomie<\/span> : nous concevons des applications mobiles proposant une exp\u00e9rience utilisateur (UX) optimale pour inciter les mobinautes \u00e0 effectuer leurs achats sur votre boutique.\n\n<span style=\"text-decoration: underline;\">Technologies natives<\/span> : nous vous proposons le d\u00e9veloppement de votre application native iOS et Android, en garantissant une performance optimale et un co\u00fbt limit\u00e9.\n\n<span style=\"text-decoration: underline;\">Coh\u00e9rence avec votre site Web<\/span> : notre solution alliant les applications mobiles au site web a \u00e9t\u00e9 con\u00e7ue afin d'assurer une parfaite coh\u00e9rence entre vos diff\u00e9rentes plateformes.\n<h3>Optimisation de l'interface de gestion e-commerce<\/h3>\nPour faciliter la gestion quotidienne de votre commerce en ligne, myDev propose des solutions d'optimisation et d'am\u00e9lioration de l'interface de gestion :\n\n<span style=\"text-decoration: underline;\">Simplification de l'interface<\/span> : notre objectif est de cr\u00e9er une interface \u00e9pur\u00e9e et centr\u00e9e sur vos besoins pour une utilisation quotidienne plus facile.\n\n<span style=\"text-decoration: underline;\">Formation des commer\u00e7ants<\/span> : une fois l'interface optimis\u00e9e, nous vous offrons une formation sur mesure pour vous aider \u00e0 comprendre rapidement et efficacement comment utiliser votre nouvel outil de gestion.\n\n<span style=\"text-decoration: underline;\">Support disponible<\/span> : pour vous accompagner dans la gestion de votre boutique en ligne et r\u00e9pondre \u00e0 toutes vos questions ou pr\u00e9occupations, nous mettons \u00e0 votre disposition un support technique d\u00e9di\u00e9, disponible pour vous aider dans la prise en main de votre interface de gestion.\n<h2>Les \u00e9tapes cl\u00e9s du partenariat avec myDev<\/h2>\nNotre approche se base sur un partenariat solide et transparent. Voici les \u00e9tapes cl\u00e9s du processus menant au succ\u00e8s de votre projet e-commerce :\n<ol>\n \t<li><b>\u00c9coute et compr\u00e9hension<\/b> : nous prenons le temps de bien comprendre vos besoins et objectifs avant de vous proposer des solutions adapt\u00e9es.<\/li>\n \t<li><b>Strat\u00e9gie digitale<\/b> : nous d\u00e9finissons avec vous la meilleure strat\u00e9gie pour atteindre vos objectifs avec un budget ma\u00eetris\u00e9.<\/li>\n \t<li><b>Conception et d\u00e9veloppement<\/b> : nos experts travaillent \u00e0 concevoir et d\u00e9velopper des solutions performantes, s\u00e9curis\u00e9es et \u00e9volutives qui r\u00e9pondent parfaitement \u00e0 vos attentes.<\/li>\n \t<li><b>Lancement et suivi<\/b> : apr\u00e8s le lancement de votre projet, nous assurons un suivi r\u00e9gulier pour s\u2019assurer que votre projet soit un succ\u00e8s.<\/li>\n<\/ol>\nChez myDev, nous sommes convaincus que la r\u00e9ussite de votre projet e-commerce repose sur un partenariat fort entre notre agence et votre entreprise. Ensemble, nous saurons relever tous les d\u00e9fis pour vous aider \u00e0 profiter des b\u00e9n\u00e9fices qu\u2019offre le commerce digital pour votre activit\u00e9.<\/p><\/div>\t\t\t\t<\/div>\n\t\t\t\t<\/div>\n\t\t\t\t\t<\/div>\n\t\t<\/div>\n\t\t\t\t\t<\/div>\n\t\t<\/section>\n\t\t\t\t<\/div>\n\t\t","protected":false},"excerpt":{"rendered":"<p>Website + Mobile App Dans le monde digital d&#8217;aujourd&#8217;hui, \u00e9tablir une pr\u00e9sence en ligne solide et efficace est crucial pour les entreprises. Avoir un site Web performant et une application mobile attrayante sont des \u00e9l\u00e9ments essentiels pour attirer et fid\u00e9liser&#8230;<\/p>\n","protected":false},"author":2,"featured_media":0,"parent":0,"menu_order":9,"comment_status":"closed","ping_status":"closed","template":"","meta":{"footnotes":""},"class_list":["post-12472","page","type-page","status-publish","hentry"],"_links":{"self":[{"href":"https:\/\/my-dev.ai\/en\/wp-json\/wp\/v2\/pages\/12472","targetHints":{"allow":["GET"]}}],"collection":[{"href":"https:\/\/my-dev.ai\/en\/wp-json\/wp\/v2\/pages"}],"about":[{"href":"https:\/\/my-dev.ai\/en\/wp-json\/wp\/v2\/types\/page"}],"author":[{"embeddable":true,"href":"https:\/\/my-dev.ai\/en\/wp-json\/wp\/v2\/users\/2"}],"replies":[{"embeddable":true,"href":"https:\/\/my-dev.ai\/en\/wp-json\/wp\/v2\/comments?post=12472"}],"version-history":[{"count":5,"href":"https:\/\/my-dev.ai\/en\/wp-json\/wp\/v2\/pages\/12472\/revisions"}],"predecessor-version":[{"id":13134,"href":"https:\/\/my-dev.ai\/en\/wp-json\/wp\/v2\/pages\/12472\/revisions\/13134"}],"wp:attachment":[{"href":"https:\/\/my-dev.ai\/en\/wp-json\/wp\/v2\/media?parent=12472"}],"curies":[{"name":"wp","href":"https:\/\/api.w.org\/{rel}","templated":true}]}}