{"id":12473,"date":"2024-02-22T17:28:55","date_gmt":"2024-02-22T17:28:55","guid":{"rendered":"https:\/\/my-dev.ai\/mobile-e-commerce-application-development-agency\/"},"modified":"2024-03-13T10:40:23","modified_gmt":"2024-03-13T10:40:23","slug":"mobile-e-commerce-application-development-agency","status":"publish","type":"page","link":"https:\/\/my-dev.ai\/en\/mobile-e-commerce-application-development-agency\/","title":{"rendered":"Mobile E-Commerce Application Development Agency"},"content":{"rendered":"\t\t<div data-elementor-type=\"wp-page\" data-elementor-id=\"12473\" class=\"elementor elementor-12473 elementor-11604\" data-elementor-post-type=\"page\">\n\t\t\t\t\t\t<section class=\"elementor-section elementor-top-section elementor-element elementor-element-6ec9056 elementor-section-boxed elementor-section-height-default elementor-section-height-default\" data-id=\"6ec9056\" data-element_type=\"section\" data-e-type=\"section\" data-settings=\"{&quot;background_background&quot;:&quot;classic&quot;}\">\n\t\t\t\t\t\t<div class=\"elementor-container elementor-column-gap-default\">\n\t\t\t\t\t<div class=\"elementor-column elementor-col-100 elementor-top-column elementor-element elementor-element-c4467e7\" data-id=\"c4467e7\" data-element_type=\"column\" data-e-type=\"column\">\n\t\t\t<div class=\"elementor-widget-wrap elementor-element-populated\">\n\t\t\t\t\t\t<div class=\"elementor-element elementor-element-a5f18a1 elementor-widget elementor-widget-pix-heading\" data-id=\"a5f18a1\" data-element_type=\"widget\" data-e-type=\"widget\" data-widget_type=\"pix-heading.default\">\n\t\t\t\t<div class=\"elementor-widget-container\">\n\t\t\t\t\t<div  class=\"pix-heading-el text-center \"><h3 class=\"text-primary font-weight-bold h3 heading-text el-title_custom_color mb-12\" style=\"\" data-anim-type=\"\" data-anim-delay=\"\">Boost your mobile sales!<\/h3><\/div>\t\t\t\t<\/div>\n\t\t\t\t<\/div>\n\t\t\t\t<div class=\"elementor-element elementor-element-597ec07 text-orph elementor-widget elementor-widget-pix-text\" data-id=\"597ec07\" data-element_type=\"widget\" data-e-type=\"widget\" data-widget_type=\"pix-text.default\">\n\t\t\t\t<div class=\"elementor-widget-container\">\n\t\t\t\t\t<div class=\"pix-el-text w-100 text-left \" ><p class=\"resp-option text-left \"><p>Dans le monde de plus en plus comp\u00e9titif du e-commerce, il est essentiel pour les entreprises de se d\u00e9marquer et d'optimiser leur pr\u00e9sence digitale. Parmi les solutions innovantes propos\u00e9es par notre agence de d\u00e9veloppement d'application mobile e-commerce, vous trouverez des alternatives adapt\u00e9es \u00e0 votre business qui contribueront \u00e0 augmenter l'engagement de vos clients et booster vos revenus.<\/p><p>En plus d\u2019avoir son site web, il est essentiel d\u2019avoir une application mobile e-commerce qui offre une exp\u00e9rience utilisateur optimale et personnalis\u00e9e pour se d\u00e9marquer de ses concurrents. D\u00e9couvrez ci-dessous les avantages et services offerts par notre agence et comment nous pouvons vous aider \u00e0 passer \u00e0 l'\u00e9tape sup\u00e9rieure dans la digitalisation de votre entreprise.<\/p><h2>Les avantages d'une application mobile e-commerce<\/h2><p>En compl\u00e9ment de votre site web, une application mobile e-commerce apporte plusieurs b\u00e9n\u00e9fices :<\/p><ul><li><strong>Connexion imm\u00e9diate \u00e0 votre cible<\/strong> : possibilit\u00e9 d'atteindre vos clients en \u00e9tant pr\u00e9sent directement sur l'appareil avec lequel ils interagissent le plus : les smartphones.<\/li><li><strong>Exp\u00e9rience utilisateur am\u00e9lior\u00e9e (parcours fluide et ergonomique)<\/strong> : le rapport de Toptal indique que cet aspect incite les utilisateurs \u00e0 faire un achat. Cela am\u00e8ne 9 clients sur 10 \u00e0 renouveler leur activit\u00e9 \u00e0 l'avenir, ce qui aboutit \u00e0 un retour sur investissement plus important.<\/li><li><strong>Notifications push<\/strong> : ce puissant outil de communication permet de rester connect\u00e9 \u00e0 ses clients en permanence en envoyant des messages gratuitement via l\u2019application mobile.<\/li><li><strong>Publicit\u00e9 indirecte<\/strong> : la pr\u00e9sence de votre marque via le mini logo sur le smartphone des clients peut les inciter \u00e0 effectuer de nouveaux achats.<\/li><li><strong>Fid\u00e9lit\u00e9 clients<\/strong> : les applications mobiles permettent d\u2019avoir plus de proximit\u00e9 avec les clients et de r\u00e9pondre pleinement \u00e0 leurs attentes.<\/li><\/ul><p>Ainsi, investir dans une application mobile e-commerce est un choix judicieux pour les entreprises souhaitant moderniser leurs processus d\u2019achat et maximiser leur r\u00e9ussite sur le march\u00e9 en ligne.<\/p><h2>Notre agence de d\u00e9veloppement d'application mobile e-commerce :<\/h2><h3>Une \u00e9quipe d'experts \u00e0 votre service<\/h3><p>Notre agence r\u00e9unit une \u00e9quipe d'experts en d\u00e9veloppement d'applications mobiles e-commerce qui allie comp\u00e9tences techniques et savoir-faire strat\u00e9gique. Sp\u00e9cialistes des applications sur iOS et Android, nos d\u00e9veloppeurs sauront vous conseiller et r\u00e9aliser le projet correspondant parfaitement \u00e0 vos attentes.<\/p><p>Nous veillons \u00e9galement \u00e0 rester \u00e0 l'aff\u00fbt des derni\u00e8res tendances et technologies pour proposer des solutions toujours innovantes, garantissant ainsi la p\u00e9rennit\u00e9 de votre application dans un contexte concurrentiel en constante \u00e9volution.<\/p><h3>Une solution adapt\u00e9e sans se ruiner<\/h3><p>Avec MyDev, offrez-vous une pr\u00e9sence digitale compl\u00e8te sans vous ruiner. Pour seulement 349\u20ac par mois, nous vous proposons non seulement un site internet de vente en ligne, mais aussi votre propre application mobile marchande, disponible sur l'App Store et le Google Play. Cette combinaison unique vous permet de maximiser votre visibilit\u00e9 et d'atteindre vos clients sur tous les appareils : ordinateur, tablette et smartphone. L'offre inclut \u00e9galement l\u2019h\u00e9bergement sur nos serveurs et le nom de domaine, garantissant que votre entreprise dispose de toutes les ressources n\u00e9cessaires pour prosp\u00e9rer dans l'univers num\u00e9rique. Chez myDev, nous croyons que l'acc\u00e8s \u00e0 des outils de commerce en ligne de pointe ne doit pas \u00eatre un luxe. C'est pourquoi nous nous engageons \u00e0 fournir des solutions compl\u00e8tes et abordables, vous permettant de b\u00e9n\u00e9ficier \u00e0 la fois d'un site web et d'une application mobile pour un tarif mensuel comp\u00e9titif. Lancez-vous dans l'aventure num\u00e9rique avec myDev et propulsez votre entreprise vers de nouveaux horizons, sans compromis sur la qualit\u00e9 ni sur le budget.<\/p><h3>De nombreuses possibilit\u00e9s<\/h3><p>De nombreuses possibilit\u00e9s s'ouvrent \u00e0 vous avec notre solution e-commerce sur mobile. Bien que les besoins varient d'un secteur \u00e0 l'autre, notre plateforme offre une gamme \u00e9tendue de fonctionnalit\u00e9s adapt\u00e9es aux commer\u00e7ants :<\/p><ul><li><strong>Catalogue optimis\u00e9<\/strong> : Pr\u00e9sentez vos produits de mani\u00e8re attrayante avec un catalogue personnalis\u00e9, con\u00e7u pour mettre en valeur vos offres.<\/li><li><strong>Vente en ligne fluide<\/strong> : Offrez \u00e0 vos clients une exp\u00e9rience d'achat rapide et conviviale, avec un processus de paiement int\u00e9gr\u00e9 pour des transactions en toute simplicit\u00e9.<\/li><li><strong>Fid\u00e9lisation client<\/strong> : Mettez en place un programme de r\u00e9compenses efficace, encourageant vos clients \u00e0 revenir r\u00e9guli\u00e8rement sur votre plateforme.<\/li><li><strong>Gestion des stocks en temps r\u00e9el<\/strong> : Gardez un \u0153il sur vos niveaux de stock pour mieux anticiper les approvisionnements et adapter votre offre en fonction de la demande.<\/li><\/ul><p>Ces fonctionnalit\u00e9s ne sont qu'un aper\u00e7u de ce que notre solution e-commerce mobile peut vous offrir.<\/p><h2>Boostez votre engagement et votre chiffre d'affaires avec une application mobile e-commerce<\/h2><p>Votre strat\u00e9gie num\u00e9rique n'a jamais \u00e9t\u00e9 aussi importante qu'\u00e0 l'heure actuelle. Ne laissez pas passer l'opportunit\u00e9 de d\u00e9velopper votre pr\u00e9sence sur mobile et ainsi renforcer l'image de marque de votre entreprise. Contactez d\u00e8s aujourd'hui notre agence de d\u00e9veloppement d'application mobile e-commerce pour obtenir plus de d\u00e9tails sur nos services et discuter de la meilleure solution pour votre activit\u00e9.<\/p><\/p><\/div>\t\t\t\t<\/div>\n\t\t\t\t<\/div>\n\t\t\t\t\t<\/div>\n\t\t<\/div>\n\t\t\t\t\t<\/div>\n\t\t<\/section>\n\t\t\t\t<\/div>\n\t\t","protected":false},"excerpt":{"rendered":"<p>Boost your mobile sales! Dans le monde de plus en plus comp\u00e9titif du e-commerce, il est essentiel pour les entreprises de se d\u00e9marquer et d&#8217;optimiser leur pr\u00e9sence digitale. Parmi les solutions innovantes propos\u00e9es par notre agence de d\u00e9veloppement d&#8217;application mobile&#8230;<\/p>\n","protected":false},"author":2,"featured_media":0,"parent":0,"menu_order":7,"comment_status":"closed","ping_status":"closed","template":"","meta":{"footnotes":""},"class_list":["post-12473","page","type-page","status-publish","hentry"],"_links":{"self":[{"href":"https:\/\/my-dev.ai\/en\/wp-json\/wp\/v2\/pages\/12473","targetHints":{"allow":["GET"]}}],"collection":[{"href":"https:\/\/my-dev.ai\/en\/wp-json\/wp\/v2\/pages"}],"about":[{"href":"https:\/\/my-dev.ai\/en\/wp-json\/wp\/v2\/types\/page"}],"author":[{"embeddable":true,"href":"https:\/\/my-dev.ai\/en\/wp-json\/wp\/v2\/users\/2"}],"replies":[{"embeddable":true,"href":"https:\/\/my-dev.ai\/en\/wp-json\/wp\/v2\/comments?post=12473"}],"version-history":[{"count":5,"href":"https:\/\/my-dev.ai\/en\/wp-json\/wp\/v2\/pages\/12473\/revisions"}],"predecessor-version":[{"id":13140,"href":"https:\/\/my-dev.ai\/en\/wp-json\/wp\/v2\/pages\/12473\/revisions\/13140"}],"wp:attachment":[{"href":"https:\/\/my-dev.ai\/en\/wp-json\/wp\/v2\/media?parent=12473"}],"curies":[{"name":"wp","href":"https:\/\/api.w.org\/{rel}","templated":true}]}}