{"id":12474,"date":"2024-02-22T17:22:42","date_gmt":"2024-02-22T17:22:42","guid":{"rendered":"https:\/\/my-dev.ai\/e-commerce-interface-design\/"},"modified":"2024-03-13T10:40:06","modified_gmt":"2024-03-13T10:40:06","slug":"e-commerce-interface-design","status":"publish","type":"page","link":"https:\/\/my-dev.ai\/en\/e-commerce-interface-design\/","title":{"rendered":"E-Commerce Interface Design"},"content":{"rendered":"\t\t<div data-elementor-type=\"wp-page\" data-elementor-id=\"12474\" class=\"elementor elementor-12474 elementor-11594\" data-elementor-post-type=\"page\">\n\t\t\t\t\t\t<section class=\"elementor-section elementor-top-section elementor-element elementor-element-2c648d5 elementor-section-boxed elementor-section-height-default elementor-section-height-default\" data-id=\"2c648d5\" data-element_type=\"section\" data-e-type=\"section\" data-settings=\"{&quot;background_background&quot;:&quot;classic&quot;}\">\n\t\t\t\t\t\t<div class=\"elementor-container elementor-column-gap-default\">\n\t\t\t\t\t<div class=\"elementor-column elementor-col-100 elementor-top-column elementor-element elementor-element-c70834f\" data-id=\"c70834f\" data-element_type=\"column\" data-e-type=\"column\">\n\t\t\t<div class=\"elementor-widget-wrap elementor-element-populated\">\n\t\t\t\t\t\t<div class=\"elementor-element elementor-element-104ee1f elementor-widget elementor-widget-pix-heading\" data-id=\"104ee1f\" data-element_type=\"widget\" data-e-type=\"widget\" data-widget_type=\"pix-heading.default\">\n\t\t\t\t<div class=\"elementor-widget-container\">\n\t\t\t\t\t<div  class=\"pix-heading-el text-center \"><h3 class=\"text-primary font-weight-bold h3 heading-text el-title_custom_color mb-12\" style=\"\" data-anim-type=\"\" data-anim-delay=\"\">Benefit from simple, optimized management!<\/h3><\/div>\t\t\t\t<\/div>\n\t\t\t\t<\/div>\n\t\t\t\t<div class=\"elementor-element elementor-element-dcc2721 text-orph elementor-widget elementor-widget-pix-text\" data-id=\"dcc2721\" data-element_type=\"widget\" data-e-type=\"widget\" data-widget_type=\"pix-text.default\">\n\t\t\t\t<div class=\"elementor-widget-container\">\n\t\t\t\t\t<div class=\"pix-el-text w-100 text-left \" ><p class=\"resp-option text-left \">Se d\u00e9marquer dans le monde concurrentiel du commerce \u00e9lectronique n\u00e9cessite une excellente conception d'interface utilisateur pour offrir une exp\u00e9rience client optimis\u00e9e et unique. Dans cet article, nous examinerons les \u00e9tapes cl\u00e9s pour cr\u00e9er une interface e-commerce adapt\u00e9e \u00e0 votre entreprise, ainsi que les avantages qu'elle peut offrir en termes de conversions et d'exp\u00e9rience utilisateur.\n<h2>Le processus de cr\u00e9ation d'une interface e-commerce performante<\/h2>\nPour obtenir les meilleurs r\u00e9sultats possibles, il est essentiel de suivre un processus de conception \u00e9prouv\u00e9 et structur\u00e9. Voici les principales phases recommand\u00e9es :\n<ol>\n \t<li><strong>Analyse des besoins<\/strong> : Comprendre les attentes clients et l'objectif du site e-commerce est primordial pour d\u00e9terminer les fonctionnalit\u00e9s essentielles \u00e0 int\u00e9grer \u00e0 la plateforme.<\/li>\n \t<li><strong>Prototypage<\/strong> : Concevoir et d\u00e9velopper un prototype qui retranscrit les besoins identifi\u00e9s pr\u00e9c\u00e9demment permet de visualiser rapidement le r\u00e9sultat final, d'\u00e9valuer son efficacit\u00e9 et d'y apporter des modifications d\u00e8s cette \u00e9tape.<\/li>\n \t<li><strong>D\u00e9veloppement<\/strong> : Une fois le prototype valid\u00e9, il est temps de passer au d\u00e9veloppement complet de l'interface e-commerce en respectant les standards techniques et ergonomiques de qualit\u00e9.<\/li>\n \t<li><strong>Tests et \u00e9valuation<\/strong> : Avant le lancement officiel, tester l'interface avec diff\u00e9rents profils d'utilisateurs pour s'assurer qu'elle r\u00e9pond aux attentes et qu'aucun probl\u00e8me majeur ne subsiste.<\/li>\n \t<li><strong>Am\u00e9lioration continue<\/strong> : Apr\u00e8s le lancement, il est essentiel de suivre les performances du site e-commerce et d'\u00eatre \u00e0 l'aff\u00fbt des demandes des clients pour apporter r\u00e9guli\u00e8rement des am\u00e9liorations ou encore optimiser l'exp\u00e9rience utilisateur.<\/li>\n<\/ol>\n<h2>Les \u00e9l\u00e9ments cl\u00e9s de la conception d'interfaces e-commerce r\u00e9ussies<\/h2>\nPour cr\u00e9er une interface e-commerce qui suscite l'int\u00e9r\u00eat et incite \u00e0 l'action, il convient de consid\u00e9rer ces \u00e9l\u00e9ments fondamentaux :\n<ul>\n \t<li><strong>Ergonomie<\/strong> : Garantir un parcours utilisateur simple et intuitif afin que les visiteurs puissent facilement naviguer et effectuer leurs achats sur votre plateforme.<\/li>\n \t<li><strong>Design attractif<\/strong> : Un design soign\u00e9 et attrayant permet d'\u00e9tablir une connexion \u00e9motionnelle avec vos clients, ce qui peut avoir un impact positif sur leur d\u00e9cision d'achat.<\/li>\n \t<li><strong>Rapidit\u00e9 de chargement<\/strong> : Assurer une vitesse de chargement optimale est crucial, car les internautes sont de plus en plus impatients et risquent d'abandonner leur navigation si les pages mettent trop de temps \u00e0 s'afficher.<\/li>\n \t<li><strong>Adaptabilit\u00e9<\/strong> : Proposer une interface responsive qui s'adapte \u00e0 tous les types d'appareils (ordinateurs, smartphones, tablettes) garantit une exp\u00e9rience utilisateur parfaite quelle que soit la mani\u00e8re dont les internautes se connectent \u00e0 la plateforme.<\/li>\n \t<li><strong>Fonctionnalit\u00e9s avanc\u00e9es<\/strong> : Int\u00e9grer des outils innovants et des fonctionnalit\u00e9s pertinentes pour am\u00e9liorer l'exp\u00e9rience client, faciliter le processus d'achat et favoriser les conversions.<\/li>\n<\/ul>\n<h2>L'impact positif d'une interface e-commerce personnalis\u00e9e sur votre business<\/h2>\nInvestir dans la conception d'une interface e-commerce adapt\u00e9e \u00e0 votre entreprise pr\u00e9sente de nombreux avantages en termes de performances et de satisfaction clients. Voici quelques exemples concrets :\n<h3>Une augmentation significative des conversions<\/h3>\nEn proposant une exp\u00e9rience utilisateur optimale gr\u00e2ce \u00e0 une interface e-commerce bien construite, vous inciterez davantage de visiteurs \u00e0 passer \u00e0 l'action : compl\u00e9ter un achat, s'inscrire \u00e0 une newsletter ou encore contacter le service client. Cela se traduit g\u00e9n\u00e9ralement par une hausse du taux de conversion, du panier moyen et du chiffre d'affaires g\u00e9n\u00e9r\u00e9.\n<h3>Un taux de r\u00e9tention \u00e9lev\u00e9 et une baisse du taux de rebond<\/h3>\nLes utilisateurs satisfaits reviennent souvent sur une plateforme qui leur inspire confiance et sur laquelle ils ont appr\u00e9ci\u00e9 naviguer. Une bonne conception d'interface est donc synonyme de fid\u00e9lisation et contribue \u00e0 la diminution du taux de rebond.\n<h3>Une image de marque renforc\u00e9e<\/h3>\nEn mettant l'accent sur l'esth\u00e9tisme et en offrant une exp\u00e9rience d'utilisation agr\u00e9able \u00e0 vos clients, vous d\u00e9montrez votre souci du d\u00e9tail et votre volont\u00e9 de r\u00e9pondre aux attentes les plus exigeantes. Cela renforce votre image de marque et peut se traduire par un bouche-\u00e0-oreille positif.\n\nPour r\u00e9sumer, la conception d'une interface e-commerce sur mesure est un v\u00e9ritable atout pour votre entreprise, contribuant significativement \u00e0 sa r\u00e9ussite. Chez MyDev, nous comprenons l'importance de cette d\u00e9marche et nous sommes l\u00e0 pour vous accompagner \u00e0 chaque \u00e9tape. Nos experts vous aideront \u00e0 analyser minutieusement vos besoins, \u00e0 respecter scrupuleusement les phases de cr\u00e9ation, et \u00e0 tester r\u00e9guli\u00e8rement votre interface pour garantir son am\u00e9lioration continue. Avec MyDev, vous n'\u00eates pas seul dans ce processus : b\u00e9n\u00e9ficiez d'un soutien professionnel pour offrir \u00e0 vos clients une exp\u00e9rience utilisateur unique et m\u00e9morable. Faites confiance \u00e0 MyDev pour transformer votre vision en r\u00e9alit\u00e9 et propulser votre entreprise vers de nouveaux sommets.<\/p><\/div>\t\t\t\t<\/div>\n\t\t\t\t<\/div>\n\t\t\t\t\t<\/div>\n\t\t<\/div>\n\t\t\t\t\t<\/div>\n\t\t<\/section>\n\t\t\t\t<\/div>\n\t\t","protected":false},"excerpt":{"rendered":"<p>Benefit from simple, optimized management! Se d\u00e9marquer dans le monde concurrentiel du commerce \u00e9lectronique n\u00e9cessite une excellente conception d&#8217;interface utilisateur pour offrir une exp\u00e9rience client optimis\u00e9e et unique. Dans cet article, nous examinerons les \u00e9tapes cl\u00e9s pour cr\u00e9er une interface&#8230;<\/p>\n","protected":false},"author":2,"featured_media":0,"parent":0,"menu_order":10,"comment_status":"closed","ping_status":"closed","template":"","meta":{"footnotes":""},"class_list":["post-12474","page","type-page","status-publish","hentry"],"_links":{"self":[{"href":"https:\/\/my-dev.ai\/en\/wp-json\/wp\/v2\/pages\/12474","targetHints":{"allow":["GET"]}}],"collection":[{"href":"https:\/\/my-dev.ai\/en\/wp-json\/wp\/v2\/pages"}],"about":[{"href":"https:\/\/my-dev.ai\/en\/wp-json\/wp\/v2\/types\/page"}],"author":[{"embeddable":true,"href":"https:\/\/my-dev.ai\/en\/wp-json\/wp\/v2\/users\/2"}],"replies":[{"embeddable":true,"href":"https:\/\/my-dev.ai\/en\/wp-json\/wp\/v2\/comments?post=12474"}],"version-history":[{"count":5,"href":"https:\/\/my-dev.ai\/en\/wp-json\/wp\/v2\/pages\/12474\/revisions"}],"predecessor-version":[{"id":13131,"href":"https:\/\/my-dev.ai\/en\/wp-json\/wp\/v2\/pages\/12474\/revisions\/13131"}],"wp:attachment":[{"href":"https:\/\/my-dev.ai\/en\/wp-json\/wp\/v2\/media?parent=12474"}],"curies":[{"name":"wp","href":"https:\/\/api.w.org\/{rel}","templated":true}]}}