{"id":12476,"date":"2024-02-22T17:18:20","date_gmt":"2024-02-22T17:18:20","guid":{"rendered":"https:\/\/my-dev.ai\/mydev-e-commerce-website-solution\/"},"modified":"2024-03-13T10:40:15","modified_gmt":"2024-03-13T10:40:15","slug":"mydev-e-commerce-website-solution","status":"publish","type":"page","link":"https:\/\/my-dev.ai\/en\/mydev-e-commerce-website-solution\/","title":{"rendered":"myDev &#8211; E-Commerce website solution"},"content":{"rendered":"\t\t<div data-elementor-type=\"wp-page\" data-elementor-id=\"12476\" class=\"elementor elementor-12476 elementor-11584\" data-elementor-post-type=\"page\">\n\t\t\t\t\t\t<section class=\"elementor-section elementor-top-section elementor-element elementor-element-f2b4c9b elementor-section-boxed elementor-section-height-default elementor-section-height-default\" data-id=\"f2b4c9b\" data-element_type=\"section\" data-e-type=\"section\" data-settings=\"{&quot;background_background&quot;:&quot;classic&quot;}\">\n\t\t\t\t\t\t<div class=\"elementor-container elementor-column-gap-default\">\n\t\t\t\t\t<div class=\"elementor-column elementor-col-100 elementor-top-column elementor-element elementor-element-d420e82\" data-id=\"d420e82\" data-element_type=\"column\" data-e-type=\"column\">\n\t\t\t<div class=\"elementor-widget-wrap elementor-element-populated\">\n\t\t\t\t\t\t<div class=\"elementor-element elementor-element-5017e0e elementor-widget elementor-widget-pix-heading\" data-id=\"5017e0e\" data-element_type=\"widget\" data-e-type=\"widget\" data-widget_type=\"pix-heading.default\">\n\t\t\t\t<div class=\"elementor-widget-container\">\n\t\t\t\t\t<div  class=\"pix-heading-el text-center \"><h3 class=\"text-primary font-weight-bold h3 heading-text el-title_custom_color mb-12\" style=\"\" data-anim-type=\"\" data-anim-delay=\"\">Turnkey, with App Mobile  <\/h3><\/div>\t\t\t\t<\/div>\n\t\t\t\t<\/div>\n\t\t\t\t<div class=\"elementor-element elementor-element-5771f5a text-orph elementor-widget elementor-widget-pix-text\" data-id=\"5771f5a\" data-element_type=\"widget\" data-e-type=\"widget\" data-widget_type=\"pix-text.default\">\n\t\t\t\t<div class=\"elementor-widget-container\">\n\t\t\t\t\t<div class=\"pix-el-text w-100 text-left \" ><p class=\"resp-option text-left \">Vous r\u00eavez de lancer votre propre boutique en ligne, mais vous ne savez pas par o\u00f9 commencer ? D\u00e9couvrez myDev, la solution e-commerce qui vous cr\u00e9e votre site de vente en ligne et votre application mobile. Nous d\u00e9veloppons pour vous l\u2019ensemble de votre boutique en ligne. Avec une interface de gestion simple et optimale, myDev est la solution id\u00e9ale pour les commer\u00e7ants.\n<h2>myDev : un outil adapt\u00e9 \u00e0 tous vos besoins<\/h2>\nDe la conception \u00e0 la gestion de votre boutique en ligne, la solution cl\u00e9 en main myDev couvre toutes les \u00e9tapes n\u00e9cessaires au d\u00e9veloppement de votre projet e-commerce. Profitez d'un accompagnement complet et personnalis\u00e9 tout au long de votre aventure entrepreneuriale :\n<ul>\n \t<li>Cr\u00e9ation de votre boutique en ligne incluant un site web et une application mobile sur l\u2019App Store et le Google play<\/li>\n \t<li>H\u00e9bergement s\u00e9curis\u00e9 pour prot\u00e9ger vos donn\u00e9es et celles de vos clients<\/li>\n \t<li>Mise en place des diff\u00e9rents moyens de paiement en fonction de vos besoins<\/li>\n \t<li>Options de livraison adapt\u00e9es \u00e0 vos choix et \u00e0 vos clients<\/li>\n<\/ul>\n<h2>Obtenez une boutique en ligne cl\u00e9 en main, attrayante et fonctionnelle<\/h2>\nAvec myDev, vous n'avez pas \u00e0 vous soucier des d\u00e9tails techniques ou du design. Nous nous occupons de tout pour vous offrir une boutique en ligne professionnelle et moderne qui captivera vos clients d\u00e8s leur premi\u00e8re visite. Notre service inclut :\n<ul>\n \t<li>La s\u00e9lection d'un mod\u00e8le adapt\u00e9 \u00e0 votre marque<\/li>\n \t<li>La personnalisation compl\u00e8te des couleurs, des typographies et des images pour que votre boutique soit unique<\/li>\n \t<li>L\u2019ajustement optimal de la disposition des \u00e9l\u00e9ments sur chaque page, le tout r\u00e9alis\u00e9 par nos experts.<\/li>\n<\/ul>\nOptez pour la s\u00e9r\u00e9nit\u00e9 avec notre solution cl\u00e9 en main et concentrez-vous sur ce que vous faites de mieux : g\u00e9rer votre entreprise.\n<h2>B\u00e9n\u00e9ficiez de votre propre application mobile<\/h2>\nL'explosion du commerce sur mobile est une r\u00e9alit\u00e9 que les boutiques en ligne ne peuvent ignorer. Avec myDev, b\u00e9n\u00e9ficiez d'un d\u00e9veloppement sp\u00e9cifique pour chaque plateforme (iOS, Android) :\n<ol>\n \t<li>Design adapt\u00e9 aux \u00e9crans des smartphones et tablettes pour faciliter la navigation<\/li>\n \t<li>Fonctionnalit\u00e9s \"push\" pour informer vos clients des nouveaut\u00e9s et promotions en temps r\u00e9el et de mani\u00e8re illimit\u00e9e<\/li>\n \t<li>Synchronisation automatique entre l'application et le site web pour g\u00e9rer votre catalogue produit sur une seule interface<\/li>\n<\/ol>\n<h2>G\u00e9rer votre catalogue produits en toute simplicit\u00e9<\/h2>\nLa solution e-commerce cl\u00e9 en main myDev vous offre une plateforme de gestion de produits compl\u00e8te et facile d'utilisation. Ajoutez, modifiez et organisez vos articles en quelques clics :\n<ul>\n \t<li>Int\u00e9grez rapidement vos photos, descriptions, prix et stocks pour chaque r\u00e9f\u00e9rence<\/li>\n \t<li>Organisez vos produits en diff\u00e9rentes cat\u00e9gories pour simplifier la navigation des visiteurs<\/li>\n \t<li>G\u00e9rez vos stocks en temps r\u00e9el et recevez des alertes lorsque le niveau est bas<\/li>\n \t<li>Mettez en place des promotions et des codes promos.<\/li>\n<\/ul>\n<h2>Un prix accessible pour une solution compl\u00e8te<\/h2>\nChez myDev, nous croyons que la qualit\u00e9 ne doit pas \u00eatre hors de port\u00e9e. Nous comprenons que se lancer dans le commerce en ligne peut \u00eatre une grande \u00e9tape. C'est pourquoi nous avons con\u00e7u notre offre pour minimiser vos co\u00fbts initiaux. Pour seulement 349\u20ac par mois, vous obtenez une solution compl\u00e8te et cl\u00e9 en main qui inclut :\n<ul>\n \t<li>La cr\u00e9ation de votre site web e-commerce enti\u00e8rement fonctionnel<\/li>\n \t<li>Le d\u00e9veloppement de votre application mobile sur Android et iOS<\/li>\n \t<li>La publication de votre application sur Google Play et l'App Store<\/li>\n \t<li>L'h\u00e9bergement s\u00e9curis\u00e9 de votre site web<\/li>\n \t<li>Le nom de domaine de votre choix<\/li>\n \t<li>Des notifications push illimit\u00e9es pour engager vos clients<\/li>\n \t<li>Une maintenance r\u00e9guli\u00e8re pour assurer le bon fonctionnement de l\u2019ensemble de votre boutique en ligne.<\/li>\n<\/ul>\nAvec un investissement initial aussi abordable, vous pouvez d\u00e9marrer votre projet en toute s\u00e9r\u00e9nit\u00e9, sans avoir \u00e0 investir une somme importante d\u00e8s le d\u00e9but. Choisissez myDev et concentrez-vous sur ce qui compte vraiment : la croissance de votre entreprise.\n<h2>Une assistance technique et commerciale \u00e0 votre \u00e9coute<\/h2>\nChez myDev, vous n'\u00eates jamais seul dans l'aventure du commerce en ligne. Nous sommes l\u00e0 pour vous \u00e0 chaque \u00e9tape, pr\u00eats \u00e0 r\u00e9pondre \u00e0 toutes vos questions et \u00e0 vous guider dans la gestion quotidienne de votre boutique en ligne :\n<ul>\n \t<li>Support technique r\u00e9actif : Notre \u00e9quipe d'experts se tient \u00e0 votre disposition pour r\u00e9soudre rapidement vos probl\u00e8mes techniques.<\/li>\n \t<li>Formation \u00e0 votre interface de gestion : Nous vous formons \u00e0 l'utilisation de votre nouvelle interface de gestion pour simplifier la gestion quotidienne de votre boutique en ligne<\/li>\n \t<li>Conseils commerciaux : Nous vous fournissons des id\u00e9es et astuces pour maximiser vos ventes et fid\u00e9liser votre client\u00e8le.<\/li>\n<\/ul>\nEn optant pour la solution e-commerce cl\u00e9 en main myDev, vous obtenez bien plus qu'une simple plateforme : vous b\u00e9n\u00e9ficiez d'un v\u00e9ritable partenariat pour d\u00e9velopper votre pr\u00e9sence en ligne et r\u00e9ussir dans le monde du commerce digital. N'attendez plus, rejoignez myDev d\u00e8s aujourd'hui et acc\u00e9l\u00e9rez votre succ\u00e8s entrepreneurial.<\/p><\/div>\t\t\t\t<\/div>\n\t\t\t\t<\/div>\n\t\t\t\t\t<\/div>\n\t\t<\/div>\n\t\t\t\t\t<\/div>\n\t\t<\/section>\n\t\t\t\t<\/div>\n\t\t","protected":false},"excerpt":{"rendered":"<p>Turnkey, with App Mobile Vous r\u00eavez de lancer votre propre boutique en ligne, mais vous ne savez pas par o\u00f9 commencer ? D\u00e9couvrez myDev, la solution e-commerce qui vous cr\u00e9e votre site de vente en ligne et votre application mobile&#8230;.<\/p>\n","protected":false},"author":2,"featured_media":0,"parent":0,"menu_order":8,"comment_status":"closed","ping_status":"closed","template":"","meta":{"footnotes":""},"class_list":["post-12476","page","type-page","status-publish","hentry"],"_links":{"self":[{"href":"https:\/\/my-dev.ai\/en\/wp-json\/wp\/v2\/pages\/12476","targetHints":{"allow":["GET"]}}],"collection":[{"href":"https:\/\/my-dev.ai\/en\/wp-json\/wp\/v2\/pages"}],"about":[{"href":"https:\/\/my-dev.ai\/en\/wp-json\/wp\/v2\/types\/page"}],"author":[{"embeddable":true,"href":"https:\/\/my-dev.ai\/en\/wp-json\/wp\/v2\/users\/2"}],"replies":[{"embeddable":true,"href":"https:\/\/my-dev.ai\/en\/wp-json\/wp\/v2\/comments?post=12476"}],"version-history":[{"count":5,"href":"https:\/\/my-dev.ai\/en\/wp-json\/wp\/v2\/pages\/12476\/revisions"}],"predecessor-version":[{"id":13137,"href":"https:\/\/my-dev.ai\/en\/wp-json\/wp\/v2\/pages\/12476\/revisions\/13137"}],"wp:attachment":[{"href":"https:\/\/my-dev.ai\/en\/wp-json\/wp\/v2\/media?parent=12476"}],"curies":[{"name":"wp","href":"https:\/\/api.w.org\/{rel}","templated":true}]}}